{"id":6170,"date":"2025-02-18T14:36:47","date_gmt":"2025-02-18T14:36:47","guid":{"rendered":"https:\/\/www.eternalflowers.se\/?post_type=product&#038;p=6170"},"modified":"2025-04-14T17:40:26","modified_gmt":"2025-04-14T17:40:26","slug":"le-petit-jardin-sot-fyrkantig","status":"publish","type":"product","link":"https:\/\/www.eternalflowers.se\/en\/product\/le-petit-jardin-sot-fyrkantig\/","title":{"rendered":"Le Petit Jardin \u2013 Sweet \u2013 Square"},"content":{"rendered":"<h5 data-start=\"0\" data-end=\"29\">Terms of Use<\/h5>\n<h5 data-start=\"0\" data-end=\"29\"><strong data-start=\"4\" data-end=\"27\">General information:<\/strong><\/h5>\n<ul data-start=\"30\" data-end=\"250\">\n<li data-start=\"30\" data-end=\"250\"><strong data-start=\"32\" data-end=\"71\">Stabilized flowers are natural.<\/strong> Variations in size, shape and color may occur between elements of the same reference. Some parts may have small defects, such as <strong data-start=\"196\" data-end=\"247\">slightly cracked petals or damaged sepals<\/strong>.<\/li>\n<\/ul>\n<h5 data-start=\"252\" data-end=\"273\"><strong data-start=\"256\" data-end=\"271\">Use:<\/strong><\/h5>\n<ul data-start=\"274\" data-end=\"361\">\n<li data-start=\"274\" data-end=\"361\">The box can be presented <strong data-start=\"298\" data-end=\"321\">with or without lid<\/strong>, either <strong data-start=\"332\" data-end=\"358\">lying down or standing<\/strong>.<\/li>\n<\/ul>\n<h5 data-start=\"363\" data-end=\"397\"><strong data-start=\"367\" data-end=\"395\">Light &amp; heat exposure:<\/strong><\/h5>\n<ul data-start=\"398\" data-end=\"527\">\n<li data-start=\"398\" data-end=\"473\"><strong data-start=\"400\" data-end=\"432\">Prolonged exposure to sun<\/strong> can cause the flower to <strong data-start=\"459\" data-end=\"470\">fades<\/strong>.<\/li>\n<li data-start=\"474\" data-end=\"527\"><strong data-start=\"476\" data-end=\"499\">When exposed to heat<\/strong> can the flower <strong data-start=\"512\" data-end=\"524\">dry out<\/strong>.<\/li>\n<\/ul>\n<h5 data-start=\"529\" data-end=\"559\"><strong data-start=\"533\" data-end=\"557\">Development over time:<\/strong><\/h5>\n<ul data-start=\"560\" data-end=\"699\">\n<li data-start=\"560\" data-end=\"635\">Over time, flowers tend to <strong data-start=\"593\" data-end=\"632\">wither and fade to varying degrees<\/strong>.<\/li>\n<li data-start=\"636\" data-end=\"699\"><strong data-start=\"638\" data-end=\"654\">Dark colors<\/strong> loses color faster than <strong data-start=\"679\" data-end=\"696\">light shades<\/strong>.<\/li>\n<\/ul>\n<h5 data-start=\"701\" data-end=\"716\"><strong data-start=\"705\" data-end=\"714\">Fragrance:<\/strong><\/h5>\n<ul data-start=\"717\" data-end=\"936\" data-is-last-node=\"\">\n<li data-start=\"717\" data-end=\"797\">The scent of <strong data-start=\"729\" data-end=\"746\">eternal flowers<\/strong> lasts for several months, even in <strong data-start=\"777\" data-end=\"794\">open space<\/strong>.<\/li>\n<li data-start=\"798\" data-end=\"936\" data-is-last-node=\"\">After the scent has faded, it can <strong data-start=\"833\" data-end=\"844\">renewed<\/strong> by applying one or more drops of our perfume <strong data-start=\"902\" data-end=\"915\">\u201cThe Rose\u201d<\/strong> in the middle of the flower.<\/li>\n<\/ul>\n<p><strong>Who is Beno\u00eet Saint-Amand?<\/strong><br \/>\nBenoit Saint-Amand, Meilleur Ouvrier de France, embodies excellence in floral craftsmanship. His passion for flowers, combined with his dedication to his craft, has led him to create unique collections such as \u201cLe Petit Jardin\u201d. Known for his exceptional craftsmanship, Benoit Saint-Amand shapes each creation with meticulous care and expertise, creating floral works of art of incomparable beauty.<\/p>\n<p>&nbsp;<\/p>\n<p data-start=\"27\" data-end=\"537\"><strong data-start=\"27\" data-end=\"74\">Why offer the small \u201cSweet\u201d hat box?<\/strong><br data-start=\"74\" data-end=\"77\" \/>The small hat box in Beno\u00eet Saint-Amand&#039;s collection <em data-start=\"130\" data-end=\"147\">The Little Garden<\/em> is much more than just a container \u2013 it is a true jewel box of finesse and elegance. Thanks to the stabilization process, the flowers retain their splendor for years, becoming a lasting and precious memory. Its small size also makes it a perfect gift at receptions and events, where its compact shape and discreet elegance make it a thoughtful and sophisticated gift.<\/p>\n<p data-start=\"539\" data-end=\"1045\" data-is-last-node=\"\"><strong data-start=\"539\" data-end=\"582\">What are the advantages of the \u201cSweet\u201d series?<\/strong><br data-start=\"582\" data-end=\"585\" \/><em data-start=\"585\" data-end=\"594\">\u201cSweet\u201d<\/em>series from <em data-start=\"607\" data-end=\"624\">The Little Garden<\/em> by Beno\u00eet Saint-Amand celebrates the softness and elegance of pastel colors through an exquisite selection of preserved flowers. This white hat box, decorated with elegant French motifs, holds a floral cache of white roses, pale pink roses, pink hydrangeas and white carnations. Its transparent lid highlights these delicate floral arrangements even when the box is closed, allowing it to be placed both horizontally and vertically.<\/p>","protected":false},"excerpt":{"rendered":"<h5 data-start=\"0\" data-end=\"34\"><\/h5>\n<ul data-start=\"36\" data-end=\"95\">\n<li data-start=\"36\" data-end=\"63\"><strong data-start=\"38\" data-end=\"51\">Origin:<\/strong> France<\/li>\n<li data-start=\"64\" data-end=\"95\"><strong data-start=\"66\" data-end=\"82\">Packaging:<\/strong> 1 square box<\/li>\n<\/ul>\n<h5 data-start=\"97\" data-end=\"125\"><strong data-start=\"101\" data-end=\"123\">Ash properties:<\/strong><\/h5>\n<ul>\n<li data-start=\"126\" data-end=\"162\"><strong data-start=\"128\" data-end=\"137\">Dimensions:<\/strong> <strong>L:<\/strong> 22 cm x L. 22 cm x H. 9.3 cm\u00a0 \u00a0<strong>M:<\/strong> 13 cm x L. 13 cm x H. 9.3 cm<\/li>\n<li data-start=\"163\" data-end=\"205\"><strong data-start=\"165\" data-end=\"174\">Paint:<\/strong> White cardboard &amp; imitation leather<\/li>\n<li data-start=\"206\" data-end=\"231\"><strong data-start=\"208\" data-end=\"217\">Lid:<\/strong> Transparent<\/li>\n<\/ul>\n<h5 data-start=\"233\" data-end=\"265\"><strong data-start=\"237\" data-end=\"263\">Characteristics of flowers:<\/strong><\/h5>\n<ul data-start=\"266\" data-end=\"387\" data-is-last-node=\"\">\n<li data-start=\"266\" data-end=\"300\"><strong data-start=\"268\" data-end=\"281\">Variety(s):<\/strong> White &amp; pink M-roses, white carnations, pink hydrangea.<\/li>\n<li data-start=\"301\" data-end=\"331\"><strong data-start=\"303\" data-end=\"312\">Fragrance:<\/strong> Garden rose scent<\/li>\n<li data-start=\"332\" data-end=\"387\" data-is-last-node=\"\"><strong data-start=\"334\" data-end=\"354\">Preservation technique:<\/strong> Dual immersion stabilization<\/li>\n<\/ul>","protected":false},"featured_media":6177,"comment_status":"open","ping_status":"closed","template":"","meta":{"_et_pb_use_builder":"","_et_pb_old_content":"","_et_gb_content_width":"","_uag_custom_page_level_css":""},"product_brand":[113],"product_cat":[82,78,83],"product_tag":[],"berocket_brand":[127],"class_list":{"0":"post-6170","1":"product","2":"type-product","3":"status-publish","4":"has-post-thumbnail","6":"product_brand-benoit-saint-amand","7":"product_cat-blomlador","8":"product_cat-konserverade-blommor","9":"product_cat-konserverade-rosor","10":"berocket_brand-benoit-saint-amand","12":"first","13":"instock","14":"taxable","15":"shipping-taxable","16":"purchasable","17":"product-type-variable"},"yoast_head":"<!-- This site is optimized with the Yoast SEO plugin v26.8 - https:\/\/yoast.com\/product\/yoast-seo-wordpress\/ -->\n<title>Le Petit Jardin - S\u00f6t - Fyrkantig - Eternal Flowers<\/title>\n<meta name=\"robots\" content=\"index, follow, max-snippet:-1, max-image-preview:large, max-video-preview:-1\" \/>\n<link rel=\"canonical\" href=\"https:\/\/www.eternalflowers.se\/en\/product\/le-petit-jardin-sot-fyrkantig\/\" \/>\n<meta property=\"og:locale\" content=\"en_US\" \/>\n<meta property=\"og:type\" content=\"article\" \/>\n<meta property=\"og:title\" content=\"Le Petit Jardin - S\u00f6t - Fyrkantig - Eternal Flowers\" \/>\n<meta property=\"og:description\" content=\"Ursprung: Frankrike  F\u00f6rpackning: 1 kvadratisk l\u00e5da  Askens egenskaper:   M\u00e5tt: L: 22 cm x l. 22 cm x H 9.3 cm\u00a0 \u00a0M: 13 cm x l. 13 cm x H 9.3 cm  F\u00e4rg: Vit kartong &amp; l\u00e4derimitation  Lock: Transparent  Blommornas egenskaper:   Sort(er): Vita &amp; rosa M-rosor, vita nejlikor, rosa hortensia.  Doft: Tr\u00e4dg\u00e5rdsrosdoft  Bevarandeteknik: Dubbel neds\u00e4nkningsstabilisering\" \/>\n<meta property=\"og:url\" content=\"https:\/\/www.eternalflowers.se\/en\/product\/le-petit-jardin-sot-fyrkantig\/\" \/>\n<meta property=\"og:site_name\" content=\"Eternal Flowers\" \/>\n<meta property=\"article:modified_time\" content=\"2025-04-14T17:40:26+00:00\" \/>\n<meta property=\"og:image\" content=\"https:\/\/www.eternalflowers.se\/wp-content\/uploads\/2025\/02\/le-petit-jardin-m-sweet-square-2.jpg\" \/>\n\t<meta property=\"og:image:width\" content=\"487\" \/>\n\t<meta property=\"og:image:height\" content=\"325\" \/>\n\t<meta property=\"og:image:type\" content=\"image\/jpeg\" \/>\n<meta name=\"twitter:card\" content=\"summary_large_image\" \/>\n<meta name=\"twitter:label1\" content=\"Est. reading time\" \/>\n\t<meta name=\"twitter:data1\" content=\"2 minutes\" \/>\n<script type=\"application\/ld+json\" class=\"yoast-schema-graph\">{\"@context\":\"https:\/\/schema.org\",\"@graph\":[{\"@type\":\"WebPage\",\"@id\":\"https:\/\/www.eternalflowers.se\/product\/le-petit-jardin-sot-fyrkantig\/\",\"url\":\"https:\/\/www.eternalflowers.se\/product\/le-petit-jardin-sot-fyrkantig\/\",\"name\":\"Le Petit Jardin - S\u00f6t - Fyrkantig - Eternal Flowers\",\"isPartOf\":{\"@id\":\"https:\/\/www.eternalflowers.se\/#website\"},\"primaryImageOfPage\":{\"@id\":\"https:\/\/www.eternalflowers.se\/product\/le-petit-jardin-sot-fyrkantig\/#primaryimage\"},\"image\":{\"@id\":\"https:\/\/www.eternalflowers.se\/product\/le-petit-jardin-sot-fyrkantig\/#primaryimage\"},\"thumbnailUrl\":\"https:\/\/i0.wp.com\/www.eternalflowers.se\/wp-content\/uploads\/2025\/02\/le-petit-jardin-m-sweet-square-2.jpg?fit=487%2C325&ssl=1\",\"datePublished\":\"2025-02-18T14:36:47+00:00\",\"dateModified\":\"2025-04-14T17:40:26+00:00\",\"breadcrumb\":{\"@id\":\"https:\/\/www.eternalflowers.se\/product\/le-petit-jardin-sot-fyrkantig\/#breadcrumb\"},\"inLanguage\":\"en-US\",\"potentialAction\":[{\"@type\":\"ReadAction\",\"target\":[\"https:\/\/www.eternalflowers.se\/product\/le-petit-jardin-sot-fyrkantig\/\"]}]},{\"@type\":\"ImageObject\",\"inLanguage\":\"en-US\",\"@id\":\"https:\/\/www.eternalflowers.se\/product\/le-petit-jardin-sot-fyrkantig\/#primaryimage\",\"url\":\"https:\/\/i0.wp.com\/www.eternalflowers.se\/wp-content\/uploads\/2025\/02\/le-petit-jardin-m-sweet-square-2.jpg?fit=487%2C325&ssl=1\",\"contentUrl\":\"https:\/\/i0.wp.com\/www.eternalflowers.se\/wp-content\/uploads\/2025\/02\/le-petit-jardin-m-sweet-square-2.jpg?fit=487%2C325&ssl=1\",\"width\":487,\"height\":325,\"caption\":\"Le Petit Jardin - Sweet - Square\"},{\"@type\":\"BreadcrumbList\",\"@id\":\"https:\/\/www.eternalflowers.se\/product\/le-petit-jardin-sot-fyrkantig\/#breadcrumb\",\"itemListElement\":[{\"@type\":\"ListItem\",\"position\":1,\"name\":\"Home\",\"item\":\"https:\/\/www.eternalflowers.se\/\"},{\"@type\":\"ListItem\",\"position\":2,\"name\":\"Shop\",\"item\":\"https:\/\/www.eternalflowers.se\/shop\/\"},{\"@type\":\"ListItem\",\"position\":3,\"name\":\"Le Petit Jardin &#8211; S\u00f6t &#8211; Fyrkantig\"}]},{\"@type\":\"WebSite\",\"@id\":\"https:\/\/www.eternalflowers.se\/#website\",\"url\":\"https:\/\/www.eternalflowers.se\/\",\"name\":\"Eternal Flowers\",\"description\":\"Konserverade v\u00e4xter\",\"publisher\":{\"@id\":\"https:\/\/www.eternalflowers.se\/#organization\"},\"potentialAction\":[{\"@type\":\"SearchAction\",\"target\":{\"@type\":\"EntryPoint\",\"urlTemplate\":\"https:\/\/www.eternalflowers.se\/?s={search_term_string}\"},\"query-input\":{\"@type\":\"PropertyValueSpecification\",\"valueRequired\":true,\"valueName\":\"search_term_string\"}}],\"inLanguage\":\"en-US\"},{\"@type\":\"Organization\",\"@id\":\"https:\/\/www.eternalflowers.se\/#organization\",\"name\":\"Eternal Flowers\",\"url\":\"https:\/\/www.eternalflowers.se\/\",\"logo\":{\"@type\":\"ImageObject\",\"inLanguage\":\"en-US\",\"@id\":\"https:\/\/www.eternalflowers.se\/#\/schema\/logo\/image\/\",\"url\":\"https:\/\/i0.wp.com\/www.eternalflowers.se\/wp-content\/uploads\/2025\/02\/Herbs22.png?fit=1000%2C500&ssl=1\",\"contentUrl\":\"https:\/\/i0.wp.com\/www.eternalflowers.se\/wp-content\/uploads\/2025\/02\/Herbs22.png?fit=1000%2C500&ssl=1\",\"width\":1000,\"height\":500,\"caption\":\"Eternal Flowers\"},\"image\":{\"@id\":\"https:\/\/www.eternalflowers.se\/#\/schema\/logo\/image\/\"}}]}<\/script>\n<!-- \/ Yoast SEO plugin. -->","yoast_head_json":{"title":"Le Petit Jardin - S\u00f6t - Fyrkantig - Eternal Flowers","robots":{"index":"index","follow":"follow","max-snippet":"max-snippet:-1","max-image-preview":"max-image-preview:large","max-video-preview":"max-video-preview:-1"},"canonical":"https:\/\/www.eternalflowers.se\/en\/product\/le-petit-jardin-sot-fyrkantig\/","og_locale":"en_US","og_type":"article","og_title":"Le Petit Jardin - S\u00f6t - Fyrkantig - Eternal Flowers","og_description":"Ursprung: Frankrike  F\u00f6rpackning: 1 kvadratisk l\u00e5da  Askens egenskaper:   M\u00e5tt: L: 22 cm x l. 22 cm x H 9.3 cm\u00a0 \u00a0M: 13 cm x l. 13 cm x H 9.3 cm  F\u00e4rg: Vit kartong &amp; l\u00e4derimitation  Lock: Transparent  Blommornas egenskaper:   Sort(er): Vita &amp; rosa M-rosor, vita nejlikor, rosa hortensia.  Doft: Tr\u00e4dg\u00e5rdsrosdoft  Bevarandeteknik: Dubbel neds\u00e4nkningsstabilisering","og_url":"https:\/\/www.eternalflowers.se\/en\/product\/le-petit-jardin-sot-fyrkantig\/","og_site_name":"Eternal Flowers","article_modified_time":"2025-04-14T17:40:26+00:00","og_image":[{"width":487,"height":325,"url":"https:\/\/www.eternalflowers.se\/wp-content\/uploads\/2025\/02\/le-petit-jardin-m-sweet-square-2.jpg","type":"image\/jpeg"}],"twitter_card":"summary_large_image","twitter_misc":{"Est. reading time":"2 minutes"},"schema":{"@context":"https:\/\/schema.org","@graph":[{"@type":"WebPage","@id":"https:\/\/www.eternalflowers.se\/product\/le-petit-jardin-sot-fyrkantig\/","url":"https:\/\/www.eternalflowers.se\/product\/le-petit-jardin-sot-fyrkantig\/","name":"Le Petit Jardin - S\u00f6t - Fyrkantig - Eternal Flowers","isPartOf":{"@id":"https:\/\/www.eternalflowers.se\/#website"},"primaryImageOfPage":{"@id":"https:\/\/www.eternalflowers.se\/product\/le-petit-jardin-sot-fyrkantig\/#primaryimage"},"image":{"@id":"https:\/\/www.eternalflowers.se\/product\/le-petit-jardin-sot-fyrkantig\/#primaryimage"},"thumbnailUrl":"https:\/\/i0.wp.com\/www.eternalflowers.se\/wp-content\/uploads\/2025\/02\/le-petit-jardin-m-sweet-square-2.jpg?fit=487%2C325&ssl=1","datePublished":"2025-02-18T14:36:47+00:00","dateModified":"2025-04-14T17:40:26+00:00","breadcrumb":{"@id":"https:\/\/www.eternalflowers.se\/product\/le-petit-jardin-sot-fyrkantig\/#breadcrumb"},"inLanguage":"en-US","potentialAction":[{"@type":"ReadAction","target":["https:\/\/www.eternalflowers.se\/product\/le-petit-jardin-sot-fyrkantig\/"]}]},{"@type":"ImageObject","inLanguage":"en-US","@id":"https:\/\/www.eternalflowers.se\/product\/le-petit-jardin-sot-fyrkantig\/#primaryimage","url":"https:\/\/i0.wp.com\/www.eternalflowers.se\/wp-content\/uploads\/2025\/02\/le-petit-jardin-m-sweet-square-2.jpg?fit=487%2C325&ssl=1","contentUrl":"https:\/\/i0.wp.com\/www.eternalflowers.se\/wp-content\/uploads\/2025\/02\/le-petit-jardin-m-sweet-square-2.jpg?fit=487%2C325&ssl=1","width":487,"height":325,"caption":"Le Petit Jardin - Sweet - Square"},{"@type":"BreadcrumbList","@id":"https:\/\/www.eternalflowers.se\/product\/le-petit-jardin-sot-fyrkantig\/#breadcrumb","itemListElement":[{"@type":"ListItem","position":1,"name":"Home","item":"https:\/\/www.eternalflowers.se\/"},{"@type":"ListItem","position":2,"name":"Shop","item":"https:\/\/www.eternalflowers.se\/shop\/"},{"@type":"ListItem","position":3,"name":"Le Petit Jardin &#8211; S\u00f6t &#8211; Fyrkantig"}]},{"@type":"WebSite","@id":"https:\/\/www.eternalflowers.se\/#website","url":"https:\/\/www.eternalflowers.se\/","name":"Eternal Flowers","description":"Preserved plants","publisher":{"@id":"https:\/\/www.eternalflowers.se\/#organization"},"potentialAction":[{"@type":"SearchAction","target":{"@type":"EntryPoint","urlTemplate":"https:\/\/www.eternalflowers.se\/?s={search_term_string}"},"query-input":{"@type":"PropertyValueSpecification","valueRequired":true,"valueName":"search_term_string"}}],"inLanguage":"en-US"},{"@type":"Organization","@id":"https:\/\/www.eternalflowers.se\/#organization","name":"Eternal Flowers","url":"https:\/\/www.eternalflowers.se\/","logo":{"@type":"ImageObject","inLanguage":"en-US","@id":"https:\/\/www.eternalflowers.se\/#\/schema\/logo\/image\/","url":"https:\/\/i0.wp.com\/www.eternalflowers.se\/wp-content\/uploads\/2025\/02\/Herbs22.png?fit=1000%2C500&ssl=1","contentUrl":"https:\/\/i0.wp.com\/www.eternalflowers.se\/wp-content\/uploads\/2025\/02\/Herbs22.png?fit=1000%2C500&ssl=1","width":1000,"height":500,"caption":"Eternal Flowers"},"image":{"@id":"https:\/\/www.eternalflowers.se\/#\/schema\/logo\/image\/"}}]}},"uagb_featured_image_src":{"full":["https:\/\/i0.wp.com\/www.eternalflowers.se\/wp-content\/uploads\/2025\/02\/le-petit-jardin-m-sweet-square-2.jpg?fit=487%2C325&ssl=1",487,325,false],"thumbnail":["https:\/\/i0.wp.com\/www.eternalflowers.se\/wp-content\/uploads\/2025\/02\/le-petit-jardin-m-sweet-square-2.jpg?resize=150%2C150&ssl=1",150,150,true],"medium":["https:\/\/i0.wp.com\/www.eternalflowers.se\/wp-content\/uploads\/2025\/02\/le-petit-jardin-m-sweet-square-2.jpg?fit=300%2C200&ssl=1",300,200,true],"medium_large":["https:\/\/i0.wp.com\/www.eternalflowers.se\/wp-content\/uploads\/2025\/02\/le-petit-jardin-m-sweet-square-2.jpg?fit=487%2C325&ssl=1",487,325,true],"large":["https:\/\/i0.wp.com\/www.eternalflowers.se\/wp-content\/uploads\/2025\/02\/le-petit-jardin-m-sweet-square-2.jpg?fit=487%2C325&ssl=1",487,325,true],"1536x1536":["https:\/\/i0.wp.com\/www.eternalflowers.se\/wp-content\/uploads\/2025\/02\/le-petit-jardin-m-sweet-square-2.jpg?fit=487%2C325&ssl=1",487,325,true],"2048x2048":["https:\/\/i0.wp.com\/www.eternalflowers.se\/wp-content\/uploads\/2025\/02\/le-petit-jardin-m-sweet-square-2.jpg?fit=487%2C325&ssl=1",487,325,true],"trp-custom-language-flag":["https:\/\/i0.wp.com\/www.eternalflowers.se\/wp-content\/uploads\/2025\/02\/le-petit-jardin-m-sweet-square-2.jpg?fit=18%2C12&ssl=1",18,12,true],"et-pb-post-main-image":["https:\/\/i0.wp.com\/www.eternalflowers.se\/wp-content\/uploads\/2025\/02\/le-petit-jardin-m-sweet-square-2.jpg?resize=400%2C250&ssl=1",400,250,true],"et-pb-post-main-image-fullwidth":["https:\/\/i0.wp.com\/www.eternalflowers.se\/wp-content\/uploads\/2025\/02\/le-petit-jardin-m-sweet-square-2.jpg?resize=487%2C325&ssl=1",487,325,true],"et-pb-portfolio-image":["https:\/\/i0.wp.com\/www.eternalflowers.se\/wp-content\/uploads\/2025\/02\/le-petit-jardin-m-sweet-square-2.jpg?resize=400%2C284&ssl=1",400,284,true],"et-pb-portfolio-module-image":["https:\/\/i0.wp.com\/www.eternalflowers.se\/wp-content\/uploads\/2025\/02\/le-petit-jardin-m-sweet-square-2.jpg?resize=487%2C325&ssl=1",487,325,true],"et-pb-portfolio-image-single":["https:\/\/i0.wp.com\/www.eternalflowers.se\/wp-content\/uploads\/2025\/02\/le-petit-jardin-m-sweet-square-2.jpg?fit=487%2C325&ssl=1",487,325,true],"et-pb-gallery-module-image-portrait":["https:\/\/i0.wp.com\/www.eternalflowers.se\/wp-content\/uploads\/2025\/02\/le-petit-jardin-m-sweet-square-2.jpg?resize=400%2C325&ssl=1",400,325,true],"et-pb-post-main-image-fullwidth-large":["https:\/\/i0.wp.com\/www.eternalflowers.se\/wp-content\/uploads\/2025\/02\/le-petit-jardin-m-sweet-square-2.jpg?resize=487%2C325&ssl=1",487,325,true],"et-pb-image--responsive--desktop":["https:\/\/i0.wp.com\/www.eternalflowers.se\/wp-content\/uploads\/2025\/02\/le-petit-jardin-m-sweet-square-2.jpg?resize=487%2C325&ssl=1",487,325,true],"et-pb-image--responsive--tablet":["https:\/\/i0.wp.com\/www.eternalflowers.se\/wp-content\/uploads\/2025\/02\/le-petit-jardin-m-sweet-square-2.jpg?resize=487%2C325&ssl=1",487,325,true],"et-pb-image--responsive--phone":["https:\/\/i0.wp.com\/www.eternalflowers.se\/wp-content\/uploads\/2025\/02\/le-petit-jardin-m-sweet-square-2.jpg?resize=480%2C270&ssl=1",480,270,true],"woocommerce_thumbnail":["https:\/\/i0.wp.com\/www.eternalflowers.se\/wp-content\/uploads\/2025\/02\/le-petit-jardin-m-sweet-square-2.jpg?resize=300%2C325&ssl=1",300,325,true],"woocommerce_single":["https:\/\/i0.wp.com\/www.eternalflowers.se\/wp-content\/uploads\/2025\/02\/le-petit-jardin-m-sweet-square-2.jpg?fit=487%2C325&ssl=1",487,325,true],"woocommerce_gallery_thumbnail":["https:\/\/i0.wp.com\/www.eternalflowers.se\/wp-content\/uploads\/2025\/02\/le-petit-jardin-m-sweet-square-2.jpg?resize=100%2C100&ssl=1",100,100,true]},"uagb_author_info":{"display_name":"Bisma Fiverr","author_link":"https:\/\/www.eternalflowers.se\/en\/author\/"},"uagb_comment_info":0,"uagb_excerpt":"Ursprung: Frankrike F\u00f6rpackning: 1 kvadratisk l\u00e5da Askens egenskaper: M\u00e5tt: L: 22 cm x l. 22 cm x H 9.3 cm\u00a0 \u00a0M: 13 cm x l. 13 cm x H 9.3 cm F\u00e4rg: Vit kartong &amp; l\u00e4derimitation Lock: Transparent Blommornas egenskaper: Sort(er): Vita &amp; rosa M-rosor, vita nejlikor, rosa hortensia. Doft: Tr\u00e4dg\u00e5rdsrosdoft Bevarandeteknik: Dubbel neds\u00e4nkningsstabilisering","jetpack_sharing_enabled":true,"_links":{"self":[{"href":"https:\/\/www.eternalflowers.se\/en\/wp-json\/wp\/v2\/product\/6170","targetHints":{"allow":["GET"]}}],"collection":[{"href":"https:\/\/www.eternalflowers.se\/en\/wp-json\/wp\/v2\/product"}],"about":[{"href":"https:\/\/www.eternalflowers.se\/en\/wp-json\/wp\/v2\/types\/product"}],"replies":[{"embeddable":true,"href":"https:\/\/www.eternalflowers.se\/en\/wp-json\/wp\/v2\/comments?post=6170"}],"version-history":[{"count":2,"href":"https:\/\/www.eternalflowers.se\/en\/wp-json\/wp\/v2\/product\/6170\/revisions"}],"predecessor-version":[{"id":6196,"href":"https:\/\/www.eternalflowers.se\/en\/wp-json\/wp\/v2\/product\/6170\/revisions\/6196"}],"wp:featuredmedia":[{"embeddable":true,"href":"https:\/\/www.eternalflowers.se\/en\/wp-json\/wp\/v2\/media\/6177"}],"wp:attachment":[{"href":"https:\/\/www.eternalflowers.se\/en\/wp-json\/wp\/v2\/media?parent=6170"}],"wp:term":[{"taxonomy":"product_brand","embeddable":true,"href":"https:\/\/www.eternalflowers.se\/en\/wp-json\/wp\/v2\/product_brand?post=6170"},{"taxonomy":"product_cat","embeddable":true,"href":"https:\/\/www.eternalflowers.se\/en\/wp-json\/wp\/v2\/product_cat?post=6170"},{"taxonomy":"product_tag","embeddable":true,"href":"https:\/\/www.eternalflowers.se\/en\/wp-json\/wp\/v2\/product_tag?post=6170"},{"taxonomy":"berocket_brand","embeddable":true,"href":"https:\/\/www.eternalflowers.se\/en\/wp-json\/wp\/v2\/berocket_brand?post=6170"}],"curies":[{"name":"wp","href":"https:\/\/api.w.org\/{rel}","templated":true}]}}