{"id":6880,"date":"2025-02-26T11:54:37","date_gmt":"2025-02-26T11:54:37","guid":{"rendered":"https:\/\/www.eternalflowers.se\/?post_type=product&#038;p=6880"},"modified":"2025-04-14T16:39:40","modified_gmt":"2025-04-14T16:39:40","slug":"konserverad-stoebe-bukett-rosa","status":"publish","type":"product","link":"https:\/\/www.eternalflowers.se\/en\/product\/konserverad-stoebe-bukett-rosa\/","title":{"rendered":"Preserved Stoebe \u2013 Bouquet \u2013 Pink"},"content":{"rendered":"<p data-start=\"0\" data-end=\"224\"><strong data-start=\"0\" data-end=\"23\">General information:<\/strong> Preserved flowers are natural. Variations in size, shape and color may occur between elements of the same reference. Some parts may have small defects (slightly cracked petals, damaged sepals\u2026).<\/p>\n<p data-start=\"226\" data-end=\"315\"><strong data-start=\"226\" data-end=\"241\">Unpacking:<\/strong> Remove the rubber band at the base of the bouquet to remove the packaging film.<\/p>\n<p data-start=\"317\" data-end=\"530\"><strong data-start=\"317\" data-end=\"335\">Humidity:<\/strong> If the humidity is too high, a few drops of color may run from the flower. Dark colors run more easily. Avoid contact with other flowers or light porous materials to prevent discoloration.<\/p>\n<p data-start=\"532\" data-end=\"665\"><strong data-start=\"532\" data-end=\"566\">Exposure to light and heat:<\/strong> Flowers exposed to the sun for extended periods may fade \u2013 When exposed to heat, they dry out.<\/p>\n<p data-start=\"667\" data-end=\"794\"><strong data-start=\"667\" data-end=\"691\">Change over time:<\/strong> Over time, flowers tend to wither and fade to varying degrees. Dark colors fade more than light colors.<\/p>\n<p data-start=\"796\" data-end=\"843\"><strong>Blommans f\u00e4rg :<\/strong> F\u00e4rgning av livsmedel (icke-giftig)<\/p>\n<p data-start=\"845\" data-end=\"969\" data-is-last-node=\"\">Uppt\u00e4ck v\u00e5r Konserverad Stoebe &#8211; Bukett &#8211; Rosa , tillg\u00e4nglig hos din grossist f\u00f6r bevarade blommor och v\u00e4xter.<\/p>","protected":false},"excerpt":{"rendered":"<p><strong data-start=\"0\" data-end=\"13\">Origin:<\/strong> South Africa<br data-start=\"23\" data-end=\"26\" \/><strong data-start=\"26\" data-end=\"35\">Dimensions:<\/strong> L.\u00a035-40 cm \/ 13.7&#8243; &#8211; 15.7&#8243;\u00a0(Ungef\u00e4rliga m\u00e5tt)<br data-start=\"97\" data-end=\"100\" \/><strong data-start=\"100\" data-end=\"109\">Paint:<\/strong> Pink<br data-start=\"118\" data-end=\"121\" \/><strong data-start=\"121\" data-end=\"144\">Manufacturer&#039;s name:<\/strong> Stoebe<br \/>\n<strong>Packaging:<\/strong> Bukett 100 gr (Ungef\u00e4rliga m\u00e5tt)<br \/>\n<strong>Conservation technology:<\/strong> Stabilisering genom blandade tekniker<\/p>","protected":false},"featured_media":6882,"comment_status":"open","ping_status":"closed","template":"","meta":{"_et_pb_use_builder":"","_et_pb_old_content":"","_et_gb_content_width":"","_uag_custom_page_level_css":""},"product_brand":[110],"product_cat":[79,78,92],"product_tag":[],"berocket_brand":[122],"class_list":{"0":"post-6880","1":"product","2":"type-product","3":"status-publish","4":"has-post-thumbnail","6":"product_brand-second-flor","7":"product_cat-konserverade-bladverk","8":"product_cat-konserverade-blommor","9":"product_cat-sma-konserverade-blommor","10":"berocket_brand-second-flor","12":"first","13":"instock","14":"taxable","15":"shipping-taxable","16":"purchasable","17":"product-type-simple"},"yoast_head":"<!-- This site is optimized with the Yoast SEO plugin v26.8 - https:\/\/yoast.com\/product\/yoast-seo-wordpress\/ -->\n<title>Konserverad Stoebe - Bukett - Rosa - Eternal Flowers<\/title>\n<meta name=\"robots\" content=\"index, follow, max-snippet:-1, max-image-preview:large, max-video-preview:-1\" \/>\n<link rel=\"canonical\" href=\"https:\/\/www.eternalflowers.se\/en\/product\/konserverad-stoebe-bukett-rosa\/\" \/>\n<meta property=\"og:locale\" content=\"en_US\" \/>\n<meta property=\"og:type\" content=\"article\" \/>\n<meta property=\"og:title\" content=\"Konserverad Stoebe - Bukett - Rosa - Eternal Flowers\" \/>\n<meta property=\"og:description\" content=\"Ursprung: SydafrikaM\u00e5tt: L.\u00a035-40 cm \/ 13.7&quot; - 15.7&quot;\u00a0(Ungef\u00e4rliga m\u00e5tt)F\u00e4rg: RosaTillverkarens namn: Stoebe F\u00f6rpackning : Bukett 100 gr (Ungef\u00e4rliga m\u00e5tt) Bevarande teknik : Stabilisering genom blandade tekniker\" \/>\n<meta property=\"og:url\" content=\"https:\/\/www.eternalflowers.se\/en\/product\/konserverad-stoebe-bukett-rosa\/\" \/>\n<meta property=\"og:site_name\" content=\"Eternal Flowers\" \/>\n<meta property=\"article:modified_time\" content=\"2025-04-14T16:39:40+00:00\" \/>\n<meta property=\"og:image\" content=\"https:\/\/www.eternalflowers.se\/wp-content\/uploads\/2025\/02\/preserved-stoebe-bouquet-pink.jpg\" \/>\n\t<meta property=\"og:image:width\" content=\"487\" \/>\n\t<meta property=\"og:image:height\" content=\"325\" \/>\n\t<meta property=\"og:image:type\" content=\"image\/jpeg\" \/>\n<meta name=\"twitter:card\" content=\"summary_large_image\" \/>\n<meta name=\"twitter:label1\" content=\"Est. reading time\" \/>\n\t<meta name=\"twitter:data1\" content=\"1 minute\" \/>\n<script type=\"application\/ld+json\" class=\"yoast-schema-graph\">{\"@context\":\"https:\/\/schema.org\",\"@graph\":[{\"@type\":\"WebPage\",\"@id\":\"https:\/\/www.eternalflowers.se\/product\/konserverad-stoebe-bukett-rosa\/\",\"url\":\"https:\/\/www.eternalflowers.se\/product\/konserverad-stoebe-bukett-rosa\/\",\"name\":\"Konserverad Stoebe - Bukett - Rosa - Eternal Flowers\",\"isPartOf\":{\"@id\":\"https:\/\/www.eternalflowers.se\/#website\"},\"primaryImageOfPage\":{\"@id\":\"https:\/\/www.eternalflowers.se\/product\/konserverad-stoebe-bukett-rosa\/#primaryimage\"},\"image\":{\"@id\":\"https:\/\/www.eternalflowers.se\/product\/konserverad-stoebe-bukett-rosa\/#primaryimage\"},\"thumbnailUrl\":\"https:\/\/i0.wp.com\/www.eternalflowers.se\/wp-content\/uploads\/2025\/02\/preserved-stoebe-bouquet-pink.jpg?fit=487%2C325&ssl=1\",\"datePublished\":\"2025-02-26T11:54:37+00:00\",\"dateModified\":\"2025-04-14T16:39:40+00:00\",\"breadcrumb\":{\"@id\":\"https:\/\/www.eternalflowers.se\/product\/konserverad-stoebe-bukett-rosa\/#breadcrumb\"},\"inLanguage\":\"en-US\",\"potentialAction\":[{\"@type\":\"ReadAction\",\"target\":[\"https:\/\/www.eternalflowers.se\/product\/konserverad-stoebe-bukett-rosa\/\"]}]},{\"@type\":\"ImageObject\",\"inLanguage\":\"en-US\",\"@id\":\"https:\/\/www.eternalflowers.se\/product\/konserverad-stoebe-bukett-rosa\/#primaryimage\",\"url\":\"https:\/\/i0.wp.com\/www.eternalflowers.se\/wp-content\/uploads\/2025\/02\/preserved-stoebe-bouquet-pink.jpg?fit=487%2C325&ssl=1\",\"contentUrl\":\"https:\/\/i0.wp.com\/www.eternalflowers.se\/wp-content\/uploads\/2025\/02\/preserved-stoebe-bouquet-pink.jpg?fit=487%2C325&ssl=1\",\"width\":487,\"height\":325,\"caption\":\"Rosa\"},{\"@type\":\"BreadcrumbList\",\"@id\":\"https:\/\/www.eternalflowers.se\/product\/konserverad-stoebe-bukett-rosa\/#breadcrumb\",\"itemListElement\":[{\"@type\":\"ListItem\",\"position\":1,\"name\":\"Home\",\"item\":\"https:\/\/www.eternalflowers.se\/\"},{\"@type\":\"ListItem\",\"position\":2,\"name\":\"Shop\",\"item\":\"https:\/\/www.eternalflowers.se\/shop\/\"},{\"@type\":\"ListItem\",\"position\":3,\"name\":\"Konserverad Stoebe &#8211; Bukett &#8211; Rosa\"}]},{\"@type\":\"WebSite\",\"@id\":\"https:\/\/www.eternalflowers.se\/#website\",\"url\":\"https:\/\/www.eternalflowers.se\/\",\"name\":\"Eternal Flowers\",\"description\":\"Konserverade v\u00e4xter\",\"publisher\":{\"@id\":\"https:\/\/www.eternalflowers.se\/#organization\"},\"potentialAction\":[{\"@type\":\"SearchAction\",\"target\":{\"@type\":\"EntryPoint\",\"urlTemplate\":\"https:\/\/www.eternalflowers.se\/?s={search_term_string}\"},\"query-input\":{\"@type\":\"PropertyValueSpecification\",\"valueRequired\":true,\"valueName\":\"search_term_string\"}}],\"inLanguage\":\"en-US\"},{\"@type\":\"Organization\",\"@id\":\"https:\/\/www.eternalflowers.se\/#organization\",\"name\":\"Eternal Flowers\",\"url\":\"https:\/\/www.eternalflowers.se\/\",\"logo\":{\"@type\":\"ImageObject\",\"inLanguage\":\"en-US\",\"@id\":\"https:\/\/www.eternalflowers.se\/#\/schema\/logo\/image\/\",\"url\":\"https:\/\/i0.wp.com\/www.eternalflowers.se\/wp-content\/uploads\/2025\/02\/Herbs22.png?fit=1000%2C500&ssl=1\",\"contentUrl\":\"https:\/\/i0.wp.com\/www.eternalflowers.se\/wp-content\/uploads\/2025\/02\/Herbs22.png?fit=1000%2C500&ssl=1\",\"width\":1000,\"height\":500,\"caption\":\"Eternal Flowers\"},\"image\":{\"@id\":\"https:\/\/www.eternalflowers.se\/#\/schema\/logo\/image\/\"}}]}<\/script>\n<!-- \/ Yoast SEO plugin. -->","yoast_head_json":{"title":"Konserverad Stoebe - Bukett - Rosa - Eternal Flowers","robots":{"index":"index","follow":"follow","max-snippet":"max-snippet:-1","max-image-preview":"max-image-preview:large","max-video-preview":"max-video-preview:-1"},"canonical":"https:\/\/www.eternalflowers.se\/en\/product\/konserverad-stoebe-bukett-rosa\/","og_locale":"en_US","og_type":"article","og_title":"Konserverad Stoebe - Bukett - Rosa - Eternal Flowers","og_description":"Ursprung: SydafrikaM\u00e5tt: L.\u00a035-40 cm \/ 13.7\" - 15.7\"\u00a0(Ungef\u00e4rliga m\u00e5tt)F\u00e4rg: RosaTillverkarens namn: Stoebe F\u00f6rpackning : Bukett 100 gr (Ungef\u00e4rliga m\u00e5tt) Bevarande teknik : Stabilisering genom blandade tekniker","og_url":"https:\/\/www.eternalflowers.se\/en\/product\/konserverad-stoebe-bukett-rosa\/","og_site_name":"Eternal Flowers","article_modified_time":"2025-04-14T16:39:40+00:00","og_image":[{"width":487,"height":325,"url":"https:\/\/www.eternalflowers.se\/wp-content\/uploads\/2025\/02\/preserved-stoebe-bouquet-pink.jpg","type":"image\/jpeg"}],"twitter_card":"summary_large_image","twitter_misc":{"Est. reading time":"1 minute"},"schema":{"@context":"https:\/\/schema.org","@graph":[{"@type":"WebPage","@id":"https:\/\/www.eternalflowers.se\/product\/konserverad-stoebe-bukett-rosa\/","url":"https:\/\/www.eternalflowers.se\/product\/konserverad-stoebe-bukett-rosa\/","name":"Konserverad Stoebe - Bukett - Rosa - Eternal Flowers","isPartOf":{"@id":"https:\/\/www.eternalflowers.se\/#website"},"primaryImageOfPage":{"@id":"https:\/\/www.eternalflowers.se\/product\/konserverad-stoebe-bukett-rosa\/#primaryimage"},"image":{"@id":"https:\/\/www.eternalflowers.se\/product\/konserverad-stoebe-bukett-rosa\/#primaryimage"},"thumbnailUrl":"https:\/\/i0.wp.com\/www.eternalflowers.se\/wp-content\/uploads\/2025\/02\/preserved-stoebe-bouquet-pink.jpg?fit=487%2C325&ssl=1","datePublished":"2025-02-26T11:54:37+00:00","dateModified":"2025-04-14T16:39:40+00:00","breadcrumb":{"@id":"https:\/\/www.eternalflowers.se\/product\/konserverad-stoebe-bukett-rosa\/#breadcrumb"},"inLanguage":"en-US","potentialAction":[{"@type":"ReadAction","target":["https:\/\/www.eternalflowers.se\/product\/konserverad-stoebe-bukett-rosa\/"]}]},{"@type":"ImageObject","inLanguage":"en-US","@id":"https:\/\/www.eternalflowers.se\/product\/konserverad-stoebe-bukett-rosa\/#primaryimage","url":"https:\/\/i0.wp.com\/www.eternalflowers.se\/wp-content\/uploads\/2025\/02\/preserved-stoebe-bouquet-pink.jpg?fit=487%2C325&ssl=1","contentUrl":"https:\/\/i0.wp.com\/www.eternalflowers.se\/wp-content\/uploads\/2025\/02\/preserved-stoebe-bouquet-pink.jpg?fit=487%2C325&ssl=1","width":487,"height":325,"caption":"Rosa"},{"@type":"BreadcrumbList","@id":"https:\/\/www.eternalflowers.se\/product\/konserverad-stoebe-bukett-rosa\/#breadcrumb","itemListElement":[{"@type":"ListItem","position":1,"name":"Home","item":"https:\/\/www.eternalflowers.se\/"},{"@type":"ListItem","position":2,"name":"Shop","item":"https:\/\/www.eternalflowers.se\/shop\/"},{"@type":"ListItem","position":3,"name":"Konserverad Stoebe &#8211; Bukett &#8211; Rosa"}]},{"@type":"WebSite","@id":"https:\/\/www.eternalflowers.se\/#website","url":"https:\/\/www.eternalflowers.se\/","name":"Eternal Flowers","description":"Preserved plants","publisher":{"@id":"https:\/\/www.eternalflowers.se\/#organization"},"potentialAction":[{"@type":"SearchAction","target":{"@type":"EntryPoint","urlTemplate":"https:\/\/www.eternalflowers.se\/?s={search_term_string}"},"query-input":{"@type":"PropertyValueSpecification","valueRequired":true,"valueName":"search_term_string"}}],"inLanguage":"en-US"},{"@type":"Organization","@id":"https:\/\/www.eternalflowers.se\/#organization","name":"Eternal Flowers","url":"https:\/\/www.eternalflowers.se\/","logo":{"@type":"ImageObject","inLanguage":"en-US","@id":"https:\/\/www.eternalflowers.se\/#\/schema\/logo\/image\/","url":"https:\/\/i0.wp.com\/www.eternalflowers.se\/wp-content\/uploads\/2025\/02\/Herbs22.png?fit=1000%2C500&ssl=1","contentUrl":"https:\/\/i0.wp.com\/www.eternalflowers.se\/wp-content\/uploads\/2025\/02\/Herbs22.png?fit=1000%2C500&ssl=1","width":1000,"height":500,"caption":"Eternal Flowers"},"image":{"@id":"https:\/\/www.eternalflowers.se\/#\/schema\/logo\/image\/"}}]}},"uagb_featured_image_src":{"full":["https:\/\/i0.wp.com\/www.eternalflowers.se\/wp-content\/uploads\/2025\/02\/preserved-stoebe-bouquet-pink.jpg?fit=487%2C325&ssl=1",487,325,false],"thumbnail":["https:\/\/i0.wp.com\/www.eternalflowers.se\/wp-content\/uploads\/2025\/02\/preserved-stoebe-bouquet-pink.jpg?resize=150%2C150&ssl=1",150,150,true],"medium":["https:\/\/i0.wp.com\/www.eternalflowers.se\/wp-content\/uploads\/2025\/02\/preserved-stoebe-bouquet-pink.jpg?fit=300%2C200&ssl=1",300,200,true],"medium_large":["https:\/\/i0.wp.com\/www.eternalflowers.se\/wp-content\/uploads\/2025\/02\/preserved-stoebe-bouquet-pink.jpg?fit=487%2C325&ssl=1",487,325,true],"large":["https:\/\/i0.wp.com\/www.eternalflowers.se\/wp-content\/uploads\/2025\/02\/preserved-stoebe-bouquet-pink.jpg?fit=487%2C325&ssl=1",487,325,true],"1536x1536":["https:\/\/i0.wp.com\/www.eternalflowers.se\/wp-content\/uploads\/2025\/02\/preserved-stoebe-bouquet-pink.jpg?fit=487%2C325&ssl=1",487,325,true],"2048x2048":["https:\/\/i0.wp.com\/www.eternalflowers.se\/wp-content\/uploads\/2025\/02\/preserved-stoebe-bouquet-pink.jpg?fit=487%2C325&ssl=1",487,325,true],"trp-custom-language-flag":["https:\/\/i0.wp.com\/www.eternalflowers.se\/wp-content\/uploads\/2025\/02\/preserved-stoebe-bouquet-pink.jpg?fit=18%2C12&ssl=1",18,12,true],"et-pb-post-main-image":["https:\/\/i0.wp.com\/www.eternalflowers.se\/wp-content\/uploads\/2025\/02\/preserved-stoebe-bouquet-pink.jpg?resize=400%2C250&ssl=1",400,250,true],"et-pb-post-main-image-fullwidth":["https:\/\/i0.wp.com\/www.eternalflowers.se\/wp-content\/uploads\/2025\/02\/preserved-stoebe-bouquet-pink.jpg?resize=487%2C325&ssl=1",487,325,true],"et-pb-portfolio-image":["https:\/\/i0.wp.com\/www.eternalflowers.se\/wp-content\/uploads\/2025\/02\/preserved-stoebe-bouquet-pink.jpg?resize=400%2C284&ssl=1",400,284,true],"et-pb-portfolio-module-image":["https:\/\/i0.wp.com\/www.eternalflowers.se\/wp-content\/uploads\/2025\/02\/preserved-stoebe-bouquet-pink.jpg?resize=487%2C325&ssl=1",487,325,true],"et-pb-portfolio-image-single":["https:\/\/i0.wp.com\/www.eternalflowers.se\/wp-content\/uploads\/2025\/02\/preserved-stoebe-bouquet-pink.jpg?fit=487%2C325&ssl=1",487,325,true],"et-pb-gallery-module-image-portrait":["https:\/\/i0.wp.com\/www.eternalflowers.se\/wp-content\/uploads\/2025\/02\/preserved-stoebe-bouquet-pink.jpg?resize=400%2C325&ssl=1",400,325,true],"et-pb-post-main-image-fullwidth-large":["https:\/\/i0.wp.com\/www.eternalflowers.se\/wp-content\/uploads\/2025\/02\/preserved-stoebe-bouquet-pink.jpg?resize=487%2C325&ssl=1",487,325,true],"et-pb-image--responsive--desktop":["https:\/\/i0.wp.com\/www.eternalflowers.se\/wp-content\/uploads\/2025\/02\/preserved-stoebe-bouquet-pink.jpg?resize=487%2C325&ssl=1",487,325,true],"et-pb-image--responsive--tablet":["https:\/\/i0.wp.com\/www.eternalflowers.se\/wp-content\/uploads\/2025\/02\/preserved-stoebe-bouquet-pink.jpg?resize=487%2C325&ssl=1",487,325,true],"et-pb-image--responsive--phone":["https:\/\/i0.wp.com\/www.eternalflowers.se\/wp-content\/uploads\/2025\/02\/preserved-stoebe-bouquet-pink.jpg?resize=480%2C270&ssl=1",480,270,true],"woocommerce_thumbnail":["https:\/\/i0.wp.com\/www.eternalflowers.se\/wp-content\/uploads\/2025\/02\/preserved-stoebe-bouquet-pink.jpg?resize=300%2C325&ssl=1",300,325,true],"woocommerce_single":["https:\/\/i0.wp.com\/www.eternalflowers.se\/wp-content\/uploads\/2025\/02\/preserved-stoebe-bouquet-pink.jpg?fit=487%2C325&ssl=1",487,325,true],"woocommerce_gallery_thumbnail":["https:\/\/i0.wp.com\/www.eternalflowers.se\/wp-content\/uploads\/2025\/02\/preserved-stoebe-bouquet-pink.jpg?resize=100%2C100&ssl=1",100,100,true]},"uagb_author_info":{"display_name":"Bisma Fiverr","author_link":"https:\/\/www.eternalflowers.se\/en\/author\/"},"uagb_comment_info":0,"uagb_excerpt":"Ursprung: SydafrikaM\u00e5tt: L.\u00a035-40 cm \/ 13.7\" - 15.7\"\u00a0(Ungef\u00e4rliga m\u00e5tt)F\u00e4rg: RosaTillverkarens namn: Stoebe F\u00f6rpackning : Bukett 100 gr (Ungef\u00e4rliga m\u00e5tt) Bevarande teknik : Stabilisering genom blandade tekniker","jetpack_sharing_enabled":true,"_links":{"self":[{"href":"https:\/\/www.eternalflowers.se\/en\/wp-json\/wp\/v2\/product\/6880","targetHints":{"allow":["GET"]}}],"collection":[{"href":"https:\/\/www.eternalflowers.se\/en\/wp-json\/wp\/v2\/product"}],"about":[{"href":"https:\/\/www.eternalflowers.se\/en\/wp-json\/wp\/v2\/types\/product"}],"replies":[{"embeddable":true,"href":"https:\/\/www.eternalflowers.se\/en\/wp-json\/wp\/v2\/comments?post=6880"}],"version-history":[{"count":1,"href":"https:\/\/www.eternalflowers.se\/en\/wp-json\/wp\/v2\/product\/6880\/revisions"}],"predecessor-version":[{"id":6884,"href":"https:\/\/www.eternalflowers.se\/en\/wp-json\/wp\/v2\/product\/6880\/revisions\/6884"}],"wp:featuredmedia":[{"embeddable":true,"href":"https:\/\/www.eternalflowers.se\/en\/wp-json\/wp\/v2\/media\/6882"}],"wp:attachment":[{"href":"https:\/\/www.eternalflowers.se\/en\/wp-json\/wp\/v2\/media?parent=6880"}],"wp:term":[{"taxonomy":"product_brand","embeddable":true,"href":"https:\/\/www.eternalflowers.se\/en\/wp-json\/wp\/v2\/product_brand?post=6880"},{"taxonomy":"product_cat","embeddable":true,"href":"https:\/\/www.eternalflowers.se\/en\/wp-json\/wp\/v2\/product_cat?post=6880"},{"taxonomy":"product_tag","embeddable":true,"href":"https:\/\/www.eternalflowers.se\/en\/wp-json\/wp\/v2\/product_tag?post=6880"},{"taxonomy":"berocket_brand","embeddable":true,"href":"https:\/\/www.eternalflowers.se\/en\/wp-json\/wp\/v2\/berocket_brand?post=6880"}],"curies":[{"name":"wp","href":"https:\/\/api.w.org\/{rel}","templated":true}]}}