{"id":8427,"date":"2025-03-03T11:56:44","date_gmt":"2025-03-03T11:56:44","guid":{"rendered":"https:\/\/www.eternalflowers.se\/?post_type=product&#038;p=8427"},"modified":"2025-04-14T18:05:19","modified_gmt":"2025-04-14T18:05:19","slug":"konserverad-ros-verdissimo-l-lada-med-6-st-vit","status":"publish","type":"product","link":"https:\/\/www.eternalflowers.se\/en\/product\/konserverad-ros-verdissimo-l-lada-med-6-st-vit\/","title":{"rendered":"Preserved Rose Verdissimo L \u2013 Box of 6 \u2013 White"},"content":{"rendered":"<p data-start=\"113\" data-end=\"342\"><strong data-start=\"113\" data-end=\"136\">General information:<\/strong> Stabilized flowers are natural. Variations in size, shape and color may occur between elements of the same reference. Some parts may have small defects (slightly cracked petals, damaged sepals, etc.).<\/p>\n<p data-start=\"344\" data-end=\"430\"><strong data-start=\"344\" data-end=\"359\">Unpacking:<\/strong> To remove the flower head, remove the pin on the stem under the bucket.<\/p>\n<p data-start=\"432\" data-end=\"493\"><strong data-start=\"432\" data-end=\"447\">Use:<\/strong> Can be glued with hot or cold floral glue.<\/p>\n<p data-start=\"495\" data-end=\"654\"><strong data-start=\"495\" data-end=\"530\">Can be dismantled or enlarged:<\/strong> Petals can be removed and\/or reattached using the glamelia technique (you can also buy petals directly in packages).<\/p>\n<p data-start=\"656\" data-end=\"730\"><strong data-start=\"656\" data-end=\"728\">Can be stemmed either with cross-thread technique or with flower holders.<\/strong><\/p>\n<p data-start=\"732\" data-end=\"957\"><strong data-start=\"732\" data-end=\"750\">Humidity:<\/strong> If the humidity is too high, a few drops of color may run from the flower. Dark colors bleed more easily. Do not place it in contact with other flowers or light porous materials to avoid discoloration.<\/p>\n<p data-start=\"959\" data-end=\"1098\"><strong data-start=\"959\" data-end=\"989\">Light and heat exposure:<\/strong> The flower may fade if exposed to the sun for long periods \u2013 When exposed to heat, it dries out.<\/p>\n<p data-start=\"1100\" data-end=\"1228\"><strong data-start=\"1100\" data-end=\"1124\">Development over time:<\/strong> Over time, flowers tend to wither and fade more or less. Dark colors fade more than light ones.<\/p>\n<p data-start=\"1230\" data-end=\"1284\"><strong data-start=\"1230\" data-end=\"1248\">Flower color:<\/strong> Food coloring (non-toxic).<\/p>\n<p data-start=\"1286\" data-end=\"1474\"><strong data-start=\"1286\" data-end=\"1295\">Fragrance:<\/strong> Stabilized flowers no longer have a natural scent. It is possible to add a scent by adding one or more drops of our perfume. <em data-start=\"1446\" data-end=\"1455\">The Rose<\/em> in the middle of the flower.<\/p>\n<p data-start=\"1476\" data-end=\"1569\"><strong data-start=\"1476\" data-end=\"1493\">Good to know:<\/strong> These flowers are created by joining petals together using the glamelia technique.<\/p>\n<p>&nbsp;<\/p>","protected":false},"excerpt":{"rendered":"<p><strong>Origin: <\/strong>Colombia<br \/>\n<strong>Dimensions :<\/strong> Diam. 5-5.5 cm x H 5-5.5 cm (Approximate dimensions)<br \/>\n<strong>Color :<\/strong> White<br \/>\n<strong>Packaging:<\/strong> Box with 6 heads<br \/>\n<strong>Manufacturer&#039;s designation:<\/strong> Queen Rose White<br \/>\n<strong>Preservation technique:<\/strong> Double immersion stabilization<\/p>","protected":false},"featured_media":8428,"comment_status":"open","ping_status":"closed","template":"","meta":{"_et_pb_use_builder":"","_et_pb_old_content":"","_et_gb_content_width":"","_uag_custom_page_level_css":""},"product_brand":[107],"product_cat":[78,83],"product_tag":[],"berocket_brand":[120],"class_list":{"0":"post-8427","1":"product","2":"type-product","3":"status-publish","4":"has-post-thumbnail","6":"product_brand-verdissimo","7":"product_cat-konserverade-blommor","8":"product_cat-konserverade-rosor","9":"berocket_brand-verdissimo","11":"first","12":"instock","13":"taxable","14":"shipping-taxable","15":"purchasable","16":"product-type-simple"},"yoast_head":"<!-- This site is optimized with the Yoast SEO plugin v26.8 - https:\/\/yoast.com\/product\/yoast-seo-wordpress\/ -->\n<title>Konserverad Ros Verdissimo L - L\u00e5da med 6 st - Vit - Eternal Flowers<\/title>\n<meta name=\"robots\" content=\"index, follow, max-snippet:-1, max-image-preview:large, max-video-preview:-1\" \/>\n<link rel=\"canonical\" href=\"https:\/\/www.eternalflowers.se\/en\/product\/konserverad-ros-verdissimo-l-lada-med-6-st-vit\/\" \/>\n<meta property=\"og:locale\" content=\"en_US\" \/>\n<meta property=\"og:type\" content=\"article\" \/>\n<meta property=\"og:title\" content=\"Konserverad Ros Verdissimo L - L\u00e5da med 6 st - Vit - Eternal Flowers\" \/>\n<meta property=\"og:description\" content=\"Ursprung: Colombia M\u00e5tt : Diam. 5-5.5 cm x H 5-5.5 cm (Ungef\u00e4rliga m\u00e5tt) F\u00e4rg : Vit F\u00f6rpackning : L\u00e5da med 6 huvuden Tillverkarens beteckning : Drottning Rose Vit Konserveringsteknik : Stabilisering med dubbel neds\u00e4nkning\" \/>\n<meta property=\"og:url\" content=\"https:\/\/www.eternalflowers.se\/en\/product\/konserverad-ros-verdissimo-l-lada-med-6-st-vit\/\" \/>\n<meta property=\"og:site_name\" content=\"Eternal Flowers\" \/>\n<meta property=\"article:modified_time\" content=\"2025-04-14T18:05:19+00:00\" \/>\n<meta property=\"og:image\" content=\"https:\/\/www.eternalflowers.se\/wp-content\/uploads\/2025\/03\/stabilized-rose-verdissimo-l-box-of-6-white.jpg\" \/>\n\t<meta property=\"og:image:width\" content=\"487\" \/>\n\t<meta property=\"og:image:height\" content=\"325\" \/>\n\t<meta property=\"og:image:type\" content=\"image\/jpeg\" \/>\n<meta name=\"twitter:card\" content=\"summary_large_image\" \/>\n<meta name=\"twitter:label1\" content=\"Est. reading time\" \/>\n\t<meta name=\"twitter:data1\" content=\"1 minute\" \/>\n<script type=\"application\/ld+json\" class=\"yoast-schema-graph\">{\"@context\":\"https:\/\/schema.org\",\"@graph\":[{\"@type\":\"WebPage\",\"@id\":\"https:\/\/www.eternalflowers.se\/product\/konserverad-ros-verdissimo-l-lada-med-6-st-vit\/\",\"url\":\"https:\/\/www.eternalflowers.se\/product\/konserverad-ros-verdissimo-l-lada-med-6-st-vit\/\",\"name\":\"Konserverad Ros Verdissimo L - L\u00e5da med 6 st - Vit - Eternal Flowers\",\"isPartOf\":{\"@id\":\"https:\/\/www.eternalflowers.se\/#website\"},\"primaryImageOfPage\":{\"@id\":\"https:\/\/www.eternalflowers.se\/product\/konserverad-ros-verdissimo-l-lada-med-6-st-vit\/#primaryimage\"},\"image\":{\"@id\":\"https:\/\/www.eternalflowers.se\/product\/konserverad-ros-verdissimo-l-lada-med-6-st-vit\/#primaryimage\"},\"thumbnailUrl\":\"https:\/\/i0.wp.com\/www.eternalflowers.se\/wp-content\/uploads\/2025\/03\/stabilized-rose-verdissimo-l-box-of-6-white.jpg?fit=487%2C325&ssl=1\",\"datePublished\":\"2025-03-03T11:56:44+00:00\",\"dateModified\":\"2025-04-14T18:05:19+00:00\",\"breadcrumb\":{\"@id\":\"https:\/\/www.eternalflowers.se\/product\/konserverad-ros-verdissimo-l-lada-med-6-st-vit\/#breadcrumb\"},\"inLanguage\":\"en-US\",\"potentialAction\":[{\"@type\":\"ReadAction\",\"target\":[\"https:\/\/www.eternalflowers.se\/product\/konserverad-ros-verdissimo-l-lada-med-6-st-vit\/\"]}]},{\"@type\":\"ImageObject\",\"inLanguage\":\"en-US\",\"@id\":\"https:\/\/www.eternalflowers.se\/product\/konserverad-ros-verdissimo-l-lada-med-6-st-vit\/#primaryimage\",\"url\":\"https:\/\/i0.wp.com\/www.eternalflowers.se\/wp-content\/uploads\/2025\/03\/stabilized-rose-verdissimo-l-box-of-6-white.jpg?fit=487%2C325&ssl=1\",\"contentUrl\":\"https:\/\/i0.wp.com\/www.eternalflowers.se\/wp-content\/uploads\/2025\/03\/stabilized-rose-verdissimo-l-box-of-6-white.jpg?fit=487%2C325&ssl=1\",\"width\":487,\"height\":325,\"caption\":\"Konserverad Ros Verdissimo L - L\u00e5da med 6 st - Vit\"},{\"@type\":\"BreadcrumbList\",\"@id\":\"https:\/\/www.eternalflowers.se\/product\/konserverad-ros-verdissimo-l-lada-med-6-st-vit\/#breadcrumb\",\"itemListElement\":[{\"@type\":\"ListItem\",\"position\":1,\"name\":\"Home\",\"item\":\"https:\/\/www.eternalflowers.se\/\"},{\"@type\":\"ListItem\",\"position\":2,\"name\":\"Shop\",\"item\":\"https:\/\/www.eternalflowers.se\/shop\/\"},{\"@type\":\"ListItem\",\"position\":3,\"name\":\"Konserverad Ros Verdissimo L &#8211; L\u00e5da med 6 st &#8211; Vit\"}]},{\"@type\":\"WebSite\",\"@id\":\"https:\/\/www.eternalflowers.se\/#website\",\"url\":\"https:\/\/www.eternalflowers.se\/\",\"name\":\"Eternal Flowers\",\"description\":\"Konserverade v\u00e4xter\",\"publisher\":{\"@id\":\"https:\/\/www.eternalflowers.se\/#organization\"},\"potentialAction\":[{\"@type\":\"SearchAction\",\"target\":{\"@type\":\"EntryPoint\",\"urlTemplate\":\"https:\/\/www.eternalflowers.se\/?s={search_term_string}\"},\"query-input\":{\"@type\":\"PropertyValueSpecification\",\"valueRequired\":true,\"valueName\":\"search_term_string\"}}],\"inLanguage\":\"en-US\"},{\"@type\":\"Organization\",\"@id\":\"https:\/\/www.eternalflowers.se\/#organization\",\"name\":\"Eternal Flowers\",\"url\":\"https:\/\/www.eternalflowers.se\/\",\"logo\":{\"@type\":\"ImageObject\",\"inLanguage\":\"en-US\",\"@id\":\"https:\/\/www.eternalflowers.se\/#\/schema\/logo\/image\/\",\"url\":\"https:\/\/i0.wp.com\/www.eternalflowers.se\/wp-content\/uploads\/2025\/02\/Herbs22.png?fit=1000%2C500&ssl=1\",\"contentUrl\":\"https:\/\/i0.wp.com\/www.eternalflowers.se\/wp-content\/uploads\/2025\/02\/Herbs22.png?fit=1000%2C500&ssl=1\",\"width\":1000,\"height\":500,\"caption\":\"Eternal Flowers\"},\"image\":{\"@id\":\"https:\/\/www.eternalflowers.se\/#\/schema\/logo\/image\/\"}}]}<\/script>\n<!-- \/ Yoast SEO plugin. -->","yoast_head_json":{"title":"Konserverad Ros Verdissimo L - L\u00e5da med 6 st - Vit - Eternal Flowers","robots":{"index":"index","follow":"follow","max-snippet":"max-snippet:-1","max-image-preview":"max-image-preview:large","max-video-preview":"max-video-preview:-1"},"canonical":"https:\/\/www.eternalflowers.se\/en\/product\/konserverad-ros-verdissimo-l-lada-med-6-st-vit\/","og_locale":"en_US","og_type":"article","og_title":"Konserverad Ros Verdissimo L - L\u00e5da med 6 st - Vit - Eternal Flowers","og_description":"Ursprung: Colombia M\u00e5tt : Diam. 5-5.5 cm x H 5-5.5 cm (Ungef\u00e4rliga m\u00e5tt) F\u00e4rg : Vit F\u00f6rpackning : L\u00e5da med 6 huvuden Tillverkarens beteckning : Drottning Rose Vit Konserveringsteknik : Stabilisering med dubbel neds\u00e4nkning","og_url":"https:\/\/www.eternalflowers.se\/en\/product\/konserverad-ros-verdissimo-l-lada-med-6-st-vit\/","og_site_name":"Eternal Flowers","article_modified_time":"2025-04-14T18:05:19+00:00","og_image":[{"width":487,"height":325,"url":"https:\/\/www.eternalflowers.se\/wp-content\/uploads\/2025\/03\/stabilized-rose-verdissimo-l-box-of-6-white.jpg","type":"image\/jpeg"}],"twitter_card":"summary_large_image","twitter_misc":{"Est. reading time":"1 minute"},"schema":{"@context":"https:\/\/schema.org","@graph":[{"@type":"WebPage","@id":"https:\/\/www.eternalflowers.se\/product\/konserverad-ros-verdissimo-l-lada-med-6-st-vit\/","url":"https:\/\/www.eternalflowers.se\/product\/konserverad-ros-verdissimo-l-lada-med-6-st-vit\/","name":"Konserverad Ros Verdissimo L - L\u00e5da med 6 st - Vit - Eternal Flowers","isPartOf":{"@id":"https:\/\/www.eternalflowers.se\/#website"},"primaryImageOfPage":{"@id":"https:\/\/www.eternalflowers.se\/product\/konserverad-ros-verdissimo-l-lada-med-6-st-vit\/#primaryimage"},"image":{"@id":"https:\/\/www.eternalflowers.se\/product\/konserverad-ros-verdissimo-l-lada-med-6-st-vit\/#primaryimage"},"thumbnailUrl":"https:\/\/i0.wp.com\/www.eternalflowers.se\/wp-content\/uploads\/2025\/03\/stabilized-rose-verdissimo-l-box-of-6-white.jpg?fit=487%2C325&ssl=1","datePublished":"2025-03-03T11:56:44+00:00","dateModified":"2025-04-14T18:05:19+00:00","breadcrumb":{"@id":"https:\/\/www.eternalflowers.se\/product\/konserverad-ros-verdissimo-l-lada-med-6-st-vit\/#breadcrumb"},"inLanguage":"en-US","potentialAction":[{"@type":"ReadAction","target":["https:\/\/www.eternalflowers.se\/product\/konserverad-ros-verdissimo-l-lada-med-6-st-vit\/"]}]},{"@type":"ImageObject","inLanguage":"en-US","@id":"https:\/\/www.eternalflowers.se\/product\/konserverad-ros-verdissimo-l-lada-med-6-st-vit\/#primaryimage","url":"https:\/\/i0.wp.com\/www.eternalflowers.se\/wp-content\/uploads\/2025\/03\/stabilized-rose-verdissimo-l-box-of-6-white.jpg?fit=487%2C325&ssl=1","contentUrl":"https:\/\/i0.wp.com\/www.eternalflowers.se\/wp-content\/uploads\/2025\/03\/stabilized-rose-verdissimo-l-box-of-6-white.jpg?fit=487%2C325&ssl=1","width":487,"height":325,"caption":"Konserverad Ros Verdissimo L - L\u00e5da med 6 st - Vit"},{"@type":"BreadcrumbList","@id":"https:\/\/www.eternalflowers.se\/product\/konserverad-ros-verdissimo-l-lada-med-6-st-vit\/#breadcrumb","itemListElement":[{"@type":"ListItem","position":1,"name":"Home","item":"https:\/\/www.eternalflowers.se\/"},{"@type":"ListItem","position":2,"name":"Shop","item":"https:\/\/www.eternalflowers.se\/shop\/"},{"@type":"ListItem","position":3,"name":"Konserverad Ros Verdissimo L &#8211; L\u00e5da med 6 st &#8211; Vit"}]},{"@type":"WebSite","@id":"https:\/\/www.eternalflowers.se\/#website","url":"https:\/\/www.eternalflowers.se\/","name":"Eternal Flowers","description":"Preserved plants","publisher":{"@id":"https:\/\/www.eternalflowers.se\/#organization"},"potentialAction":[{"@type":"SearchAction","target":{"@type":"EntryPoint","urlTemplate":"https:\/\/www.eternalflowers.se\/?s={search_term_string}"},"query-input":{"@type":"PropertyValueSpecification","valueRequired":true,"valueName":"search_term_string"}}],"inLanguage":"en-US"},{"@type":"Organization","@id":"https:\/\/www.eternalflowers.se\/#organization","name":"Eternal Flowers","url":"https:\/\/www.eternalflowers.se\/","logo":{"@type":"ImageObject","inLanguage":"en-US","@id":"https:\/\/www.eternalflowers.se\/#\/schema\/logo\/image\/","url":"https:\/\/i0.wp.com\/www.eternalflowers.se\/wp-content\/uploads\/2025\/02\/Herbs22.png?fit=1000%2C500&ssl=1","contentUrl":"https:\/\/i0.wp.com\/www.eternalflowers.se\/wp-content\/uploads\/2025\/02\/Herbs22.png?fit=1000%2C500&ssl=1","width":1000,"height":500,"caption":"Eternal Flowers"},"image":{"@id":"https:\/\/www.eternalflowers.se\/#\/schema\/logo\/image\/"}}]}},"uagb_featured_image_src":{"full":["https:\/\/i0.wp.com\/www.eternalflowers.se\/wp-content\/uploads\/2025\/03\/stabilized-rose-verdissimo-l-box-of-6-white.jpg?fit=487%2C325&ssl=1",487,325,false],"thumbnail":["https:\/\/i0.wp.com\/www.eternalflowers.se\/wp-content\/uploads\/2025\/03\/stabilized-rose-verdissimo-l-box-of-6-white.jpg?resize=150%2C150&ssl=1",150,150,true],"medium":["https:\/\/i0.wp.com\/www.eternalflowers.se\/wp-content\/uploads\/2025\/03\/stabilized-rose-verdissimo-l-box-of-6-white.jpg?fit=300%2C200&ssl=1",300,200,true],"medium_large":["https:\/\/i0.wp.com\/www.eternalflowers.se\/wp-content\/uploads\/2025\/03\/stabilized-rose-verdissimo-l-box-of-6-white.jpg?fit=487%2C325&ssl=1",487,325,true],"large":["https:\/\/i0.wp.com\/www.eternalflowers.se\/wp-content\/uploads\/2025\/03\/stabilized-rose-verdissimo-l-box-of-6-white.jpg?fit=487%2C325&ssl=1",487,325,true],"1536x1536":["https:\/\/i0.wp.com\/www.eternalflowers.se\/wp-content\/uploads\/2025\/03\/stabilized-rose-verdissimo-l-box-of-6-white.jpg?fit=487%2C325&ssl=1",487,325,true],"2048x2048":["https:\/\/i0.wp.com\/www.eternalflowers.se\/wp-content\/uploads\/2025\/03\/stabilized-rose-verdissimo-l-box-of-6-white.jpg?fit=487%2C325&ssl=1",487,325,true],"trp-custom-language-flag":["https:\/\/i0.wp.com\/www.eternalflowers.se\/wp-content\/uploads\/2025\/03\/stabilized-rose-verdissimo-l-box-of-6-white.jpg?fit=18%2C12&ssl=1",18,12,true],"et-pb-post-main-image":["https:\/\/i0.wp.com\/www.eternalflowers.se\/wp-content\/uploads\/2025\/03\/stabilized-rose-verdissimo-l-box-of-6-white.jpg?resize=400%2C250&ssl=1",400,250,true],"et-pb-post-main-image-fullwidth":["https:\/\/i0.wp.com\/www.eternalflowers.se\/wp-content\/uploads\/2025\/03\/stabilized-rose-verdissimo-l-box-of-6-white.jpg?resize=487%2C325&ssl=1",487,325,true],"et-pb-portfolio-image":["https:\/\/i0.wp.com\/www.eternalflowers.se\/wp-content\/uploads\/2025\/03\/stabilized-rose-verdissimo-l-box-of-6-white.jpg?resize=400%2C284&ssl=1",400,284,true],"et-pb-portfolio-module-image":["https:\/\/i0.wp.com\/www.eternalflowers.se\/wp-content\/uploads\/2025\/03\/stabilized-rose-verdissimo-l-box-of-6-white.jpg?resize=487%2C325&ssl=1",487,325,true],"et-pb-portfolio-image-single":["https:\/\/i0.wp.com\/www.eternalflowers.se\/wp-content\/uploads\/2025\/03\/stabilized-rose-verdissimo-l-box-of-6-white.jpg?fit=487%2C325&ssl=1",487,325,true],"et-pb-gallery-module-image-portrait":["https:\/\/i0.wp.com\/www.eternalflowers.se\/wp-content\/uploads\/2025\/03\/stabilized-rose-verdissimo-l-box-of-6-white.jpg?resize=400%2C325&ssl=1",400,325,true],"et-pb-post-main-image-fullwidth-large":["https:\/\/i0.wp.com\/www.eternalflowers.se\/wp-content\/uploads\/2025\/03\/stabilized-rose-verdissimo-l-box-of-6-white.jpg?resize=487%2C325&ssl=1",487,325,true],"et-pb-image--responsive--desktop":["https:\/\/i0.wp.com\/www.eternalflowers.se\/wp-content\/uploads\/2025\/03\/stabilized-rose-verdissimo-l-box-of-6-white.jpg?resize=487%2C325&ssl=1",487,325,true],"et-pb-image--responsive--tablet":["https:\/\/i0.wp.com\/www.eternalflowers.se\/wp-content\/uploads\/2025\/03\/stabilized-rose-verdissimo-l-box-of-6-white.jpg?resize=487%2C325&ssl=1",487,325,true],"et-pb-image--responsive--phone":["https:\/\/i0.wp.com\/www.eternalflowers.se\/wp-content\/uploads\/2025\/03\/stabilized-rose-verdissimo-l-box-of-6-white.jpg?resize=480%2C270&ssl=1",480,270,true],"woocommerce_thumbnail":["https:\/\/i0.wp.com\/www.eternalflowers.se\/wp-content\/uploads\/2025\/03\/stabilized-rose-verdissimo-l-box-of-6-white.jpg?resize=300%2C325&ssl=1",300,325,true],"woocommerce_single":["https:\/\/i0.wp.com\/www.eternalflowers.se\/wp-content\/uploads\/2025\/03\/stabilized-rose-verdissimo-l-box-of-6-white.jpg?fit=487%2C325&ssl=1",487,325,true],"woocommerce_gallery_thumbnail":["https:\/\/i0.wp.com\/www.eternalflowers.se\/wp-content\/uploads\/2025\/03\/stabilized-rose-verdissimo-l-box-of-6-white.jpg?resize=100%2C100&ssl=1",100,100,true]},"uagb_author_info":{"display_name":"Bisma Fiverr","author_link":"https:\/\/www.eternalflowers.se\/en\/author\/"},"uagb_comment_info":0,"uagb_excerpt":"Ursprung: Colombia M\u00e5tt : Diam. 5-5.5 cm x H 5-5.5 cm (Ungef\u00e4rliga m\u00e5tt) F\u00e4rg : Vit F\u00f6rpackning : L\u00e5da med 6 huvuden Tillverkarens beteckning : Drottning Rose Vit Konserveringsteknik : Stabilisering med dubbel neds\u00e4nkning","jetpack_sharing_enabled":true,"_links":{"self":[{"href":"https:\/\/www.eternalflowers.se\/en\/wp-json\/wp\/v2\/product\/8427","targetHints":{"allow":["GET"]}}],"collection":[{"href":"https:\/\/www.eternalflowers.se\/en\/wp-json\/wp\/v2\/product"}],"about":[{"href":"https:\/\/www.eternalflowers.se\/en\/wp-json\/wp\/v2\/types\/product"}],"replies":[{"embeddable":true,"href":"https:\/\/www.eternalflowers.se\/en\/wp-json\/wp\/v2\/comments?post=8427"}],"version-history":[{"count":2,"href":"https:\/\/www.eternalflowers.se\/en\/wp-json\/wp\/v2\/product\/8427\/revisions"}],"predecessor-version":[{"id":8433,"href":"https:\/\/www.eternalflowers.se\/en\/wp-json\/wp\/v2\/product\/8427\/revisions\/8433"}],"wp:featuredmedia":[{"embeddable":true,"href":"https:\/\/www.eternalflowers.se\/en\/wp-json\/wp\/v2\/media\/8428"}],"wp:attachment":[{"href":"https:\/\/www.eternalflowers.se\/en\/wp-json\/wp\/v2\/media?parent=8427"}],"wp:term":[{"taxonomy":"product_brand","embeddable":true,"href":"https:\/\/www.eternalflowers.se\/en\/wp-json\/wp\/v2\/product_brand?post=8427"},{"taxonomy":"product_cat","embeddable":true,"href":"https:\/\/www.eternalflowers.se\/en\/wp-json\/wp\/v2\/product_cat?post=8427"},{"taxonomy":"product_tag","embeddable":true,"href":"https:\/\/www.eternalflowers.se\/en\/wp-json\/wp\/v2\/product_tag?post=8427"},{"taxonomy":"berocket_brand","embeddable":true,"href":"https:\/\/www.eternalflowers.se\/en\/wp-json\/wp\/v2\/berocket_brand?post=8427"}],"curies":[{"name":"wp","href":"https:\/\/api.w.org\/{rel}","templated":true}]}}